{"id":2,"date":"2026-03-12T10:51:51","date_gmt":"2026-03-12T10:51:51","guid":{"rendered":"https:\/\/www.tunahun.com\/korkuluk\/?page_id=2"},"modified":"2026-03-12T10:51:57","modified_gmt":"2026-03-12T10:51:57","slug":"iletisim","status":"publish","type":"page","link":"https:\/\/www.tunahun.com\/korkuluk\/iletisim\/","title":{"rendered":"\u0130leti\u015fim"},"content":{"rendered":"\n<ul class=\"wp-block-list\">\n<li>+9 0554 562 63 33<\/li>\n\n\n\n<li>+9 0534 717 34 80<\/li>\n\n\n\n<li>tunahun34@gmail.com<\/li>\n<\/ul>\n\n\n\n<ul class=\"wp-block-list\">\n<li>Mecidiyek\u00f6y Mahallesi Selahattin P\u0131nar Caddesi No: 19 \/ Kat: 2 \u2013 112 \u015ei\u015fli \/ \u0130STANBUL<\/li>\n\n\n\n<li>Alt\u0131ntepe, \u00c7amoluk Sok. 34840 Maltepe \/ \u0130STANBUL<\/li>\n\n\n\n<li><a href=\"https:\/\/www.instagram.com\/tunahun\/\">https:\/\/www.instagram.com\/tunahun\/<\/a><\/li>\n<\/ul>\n\n\n\n<div style=\"text-align:center; margin:20px 0;\">\n  <h2>\u0130stanbul Korkuluk Firmas\u0131<\/h2>\n  <p>Demir, ferforje ve metal korkuluk yap\u0131m\u0131 i\u00e7in hemen bizimle ileti\u015fime ge\u00e7in.<\/p>\n  <a href=\"tel:+905545626333\" \n     style=\"\n     display:inline-block;\n     background-color:#1e7f43;\n     color:#ffffff;\n     padding:15px 25px;\n     text-decoration:none;\n     font-size:18px;\n     font-weight:bold;\n     border-radius:6px;\">\n     \ud83d\udcde \u015eimdi Ara: +9 0554 562 63 33\n  <\/a>\n<\/div>\n\n\n\n<p>\u0130stanbul\u2019da balkon ferforje lazer korkuluk hizmetleri vermekteyiz. Kendi firmam\u0131z ile m\u00fc\u015fterilerin taleplerine uygun \u00f6l\u00e7\u00fc ve ebatlarda lazer demir korkuluk i\u015flerinizi yapt\u0131rmak i\u00e7in hemen ileti\u015fim kurabilirsiniz. Tunahun Korkuluk Ferforje firmas\u0131 \u0130stanbul Anadolu ve Avrupa yakas\u0131nda hizmet vermektedir. Korkuluk ile ilgili fiyat ve bilgi i\u00e7in ileti\u015fim telefonlar\u0131 +9 (534) 717 3480 hemen aray\u0131n.<\/p>\n\n\n\n<figure class=\"wp-block-image size-large\"><img loading=\"lazy\" decoding=\"async\" width=\"1024\" height=\"1024\" src=\"https:\/\/www.tunahun.com\/korkuluk\/wp-content\/uploads\/2025\/12\/lazer-demir-korkuluk-firmasi-istanbul-iletisim-1024x1024.jpg\" alt=\"lazer demir korkuluk firmas\u0131 istanbul ileti\u015fim\" class=\"wp-image-271\" srcset=\"https:\/\/www.tunahun.com\/korkuluk\/wp-content\/uploads\/2025\/12\/lazer-demir-korkuluk-firmasi-istanbul-iletisim-1024x1024.jpg 1024w, https:\/\/www.tunahun.com\/korkuluk\/wp-content\/uploads\/2025\/12\/lazer-demir-korkuluk-firmasi-istanbul-iletisim-300x300.jpg 300w, https:\/\/www.tunahun.com\/korkuluk\/wp-content\/uploads\/2025\/12\/lazer-demir-korkuluk-firmasi-istanbul-iletisim-150x150.jpg 150w, https:\/\/www.tunahun.com\/korkuluk\/wp-content\/uploads\/2025\/12\/lazer-demir-korkuluk-firmasi-istanbul-iletisim-768x768.jpg 768w, https:\/\/www.tunahun.com\/korkuluk\/wp-content\/uploads\/2025\/12\/lazer-demir-korkuluk-firmasi-istanbul-iletisim-1x1.jpg 1w, https:\/\/www.tunahun.com\/korkuluk\/wp-content\/uploads\/2025\/12\/lazer-demir-korkuluk-firmasi-istanbul-iletisim.jpg 1080w\" sizes=\"auto, (max-width: 1024px) 100vw, 1024px\" \/><\/figure>\n","protected":false},"excerpt":{"rendered":"<p>\u0130stanbul Korkuluk Firmas\u0131 Demir, ferforje ve metal korkuluk yap\u0131m\u0131 i\u00e7in hemen bizimle ileti\u015fime ge\u00e7in. \ud83d\udcde \u015eimdi Ara: +9 0554 562 63 33 \u0130stanbul\u2019da balkon ferforje lazer korkuluk hizmetleri vermekteyiz. Kendi firmam\u0131z ile m\u00fc\u015fterilerin taleplerine uygun \u00f6l\u00e7\u00fc ve ebatlarda lazer demir korkuluk i\u015flerinizi yapt\u0131rmak i\u00e7in hemen ileti\u015fim kurabilirsiniz. Tunahun Korkuluk Ferforje firmas\u0131 \u0130stanbul Anadolu ve Avrupa [&hellip;]<\/p>\n","protected":false},"author":1,"featured_media":0,"parent":0,"menu_order":0,"comment_status":"closed","ping_status":"open","template":"","meta":{"om_disable_all_campaigns":false,"footnotes":""},"class_list":["post-2","page","type-page","status-publish","hentry"],"aioseo_notices":[],"_links":{"self":[{"href":"https:\/\/www.tunahun.com\/korkuluk\/wp-json\/wp\/v2\/pages\/2","targetHints":{"allow":["GET"]}}],"collection":[{"href":"https:\/\/www.tunahun.com\/korkuluk\/wp-json\/wp\/v2\/pages"}],"about":[{"href":"https:\/\/www.tunahun.com\/korkuluk\/wp-json\/wp\/v2\/types\/page"}],"author":[{"embeddable":true,"href":"https:\/\/www.tunahun.com\/korkuluk\/wp-json\/wp\/v2\/users\/1"}],"replies":[{"embeddable":true,"href":"https:\/\/www.tunahun.com\/korkuluk\/wp-json\/wp\/v2\/comments?post=2"}],"version-history":[{"count":9,"href":"https:\/\/www.tunahun.com\/korkuluk\/wp-json\/wp\/v2\/pages\/2\/revisions"}],"predecessor-version":[{"id":702,"href":"https:\/\/www.tunahun.com\/korkuluk\/wp-json\/wp\/v2\/pages\/2\/revisions\/702"}],"wp:attachment":[{"href":"https:\/\/www.tunahun.com\/korkuluk\/wp-json\/wp\/v2\/media?parent=2"}],"curies":[{"name":"wp","href":"https:\/\/api.w.org\/{rel}","templated":true}]}}